{"id":74,"date":"2020-12-15T09:47:04","date_gmt":"2020-12-15T09:47:04","guid":{"rendered":"http:\/\/cuckoo.s1.wave-host.net\/politica-de-cookies\/"},"modified":"2020-12-18T16:59:09","modified_gmt":"2020-12-18T16:59:09","slug":"politica-de-cookies","status":"publish","type":"page","link":"https:\/\/cuckoofruits.com\/en\/politica-de-cookies\/","title":{"rendered":"Pol\u00edtica de Cookies"},"content":{"rendered":"<h2>Pol\u00edtica de Cookies<\/h2>\n\n\n\n<p>El objetivo de esta\u00a0pol\u00edtica es informar a los interesados acerca de las cookies que emplea esta p\u00e1gina web de conformidad con lo establecido en la Ley 34\/2002, de 11 de julio, de Servicios de la Sociedad de la Informaci\u00f3n y de Comercio Electr\u00f3nico, y el Reglamento (UE) 2016\/679 del Parlamento Europeo y del Consejo de 27 de abril de 2016.<\/p>\n\n\n\n<h3>1.USO DE COOKIES. \u00bfQU\u00c9 SON LAS COOKIES?<\/h3>\n\n\n\n<p>Las cookies son ficheros que se descargan en su Ordenador, Smartphone o Tablet al acceder a determinadas p\u00e1ginas web. La utilizaci\u00f3n de cookies, ofrece numerosas ventajas en la prestaci\u00f3n de servicios de la Sociedad de la Informaci\u00f3n, puesto que, entre otras: (a) facilita la navegaci\u00f3n del usuario en el Sitio Web; (b) facilita al usuario el acceso a los diferentes servicios que ofrece el Sitio Web; (c) evita al usuario volver a configurar caracter\u00edsticas generales predefinidas cada vez que accede al Sitio Web; (d) favorece la mejora del funcionamiento y de los servicios prestados a trav\u00e9s del Sitio Web, tras el correspondiente an\u00e1lisis de la informaci\u00f3n obtenida a trav\u00e9s de las cookies instaladas; (e) permiten a un Sitio Web, entre otras cosas, almacenar y recuperar informaci\u00f3n sobre los h\u00e1bitos de navegaci\u00f3n de un usuario o de su equipo y, dependiendo de la informaci\u00f3n que contengan y de la forma en que utilice su equipo, pueden utilizarse para reconocer al usuario.<br><br>La mayor\u00eda de los navegadores aceptan como est\u00e1ndar a las cookies y, con independencia de las mismas, permiten o impiden en los ajustes de seguridad las cookies temporales o memorizadas.<br>Ten en cuenta que para poder utilizar y contar con una mejor experiencia de navegaci\u00f3n,\u00a0\u00a0es necesario que tengas habilitadas las cookies, especialmente aquellas de car\u00e1cter t\u00e9cnico que resultan necesarias para que pueda identificarte como usuario registrado cada vez que accedas a la presente web.<br><br>En caso de no querer recibir cookies, por favor, configure su navegador de internet, para que las borre del disco duro de su ordenador, las bloquee o le avise en su caso de instalaci\u00f3n de las mismas.<\/p>\n\n\n\n<h3>2. \u00bfQU\u00c9 TIPOS DE COOKIES UTILIZA ESTA P\u00c1GINA WEB?<\/h3>\n\n\n\n<h5>Cookies utilizadas en este sitio web:<\/h5>\n\n\n\n<p>Siguiendo las directrices de la Agencia Espa\u00f1ola de Protecci\u00f3n de Datos, procedemos a detallar el uso de las cookies que esta p\u00e1gina web emplea, con el fin de proporcionarle la m\u00e1xima informaci\u00f3n posible.<\/p>\n\n\n\n<h5>Cookies Propias:<\/h5>\n\n\n\n<p>Son aquellas que se env\u00edan al equipo terminal del usuario desde un equipo o dominio gestionado por el propio editor y desde el que se presta el servicio solicitado por el usuario.<br>A continuaci\u00f3n la lista de las que utilizamos:<\/p>\n\n\n\n<p><strong>Name<\/strong>: wpl_viewed_cookie<br><strong>Tipo<\/strong>: Cookie de sesi\u00f3n<br><strong>Proveedor<\/strong>: cuckoofruits.com<br><strong>Finalidad<\/strong>: Sirve para que podamos reconocer si el usuario ha visto el lightbox de aceptaci\u00f3n de cookies<br><strong>Duraci\u00f3n<\/strong>: 3 meses<\/p>\n\n\n\n<p><\/p>\n\n\n\n<p><strong>Name<\/strong>: wpl_user_preference<br><strong>Tipo<\/strong>: Cookie de sesi\u00f3n<br><strong>Proveedor<\/strong>: cuckoofruits.com<br><strong>Finalidad<\/strong>: Sirve para que podamos reconocer cuales son las preferencias del usuario en cuanto a las cookies (cuales acepta y cuales no) lightbox de aceptaci\u00f3n de cookies<br><strong>Duraci\u00f3n<\/strong>: 3 meses<\/p>\n\n\n\n<h5>Cookies de Terceros:<\/h5>\n\n\n\n<p>Son aquellas que se env\u00edan al equipo terminal del usuario desde un equipo o dominio que no es gestionado por el editor, sino por otra entidad que trata los datos obtenidos trav\u00e9s de las cookies.<br>A continuaci\u00f3n la lista de las que utilizamos: <br><em>Este sitio no posee cookies de terceros por el momento.<\/em> <\/p>\n\n\n\n<p>AMER GOURMET SL no se hace responsable, en ning\u00fan caso ni del contenido ni de la veracidad de las pol\u00edticas y\/o condiciones de uso y privacidad de los terceros, incluidos, a trav\u00e9s de los enlaces, en esta pol\u00edtica.<\/p>\n\n\n\n<h3>3. CONSENTIMIENTO<\/h3>\n\n\n\n<p>En relaci\u00f3n con la utilizaci\u00f3n de cookies de este sitio web, el usuario autoriza y consiente su uso de la siguiente forma:<\/p>\n\n\n\n<p>Cuando el usuario accede a cualquier p\u00e1gina de la web, ver\u00e1 un aviso donde se indica que la p\u00e1gina web de AMER GOURMET SL utiliza cookies, pudiendo el usuario aceptar o rechazar el uso de las mismas a trav\u00e9s de la configuraci\u00f3n de su navegador. Al hacer click en aceptar, usted acepta el uso de nuestras cookies y en su caso las de los terceros. El panel de configuraci\u00f3n\/privacidad le permite la posibilidad de aceptarlas por tipolog\u00eda.<\/p>\n\n\n\n<h4>4. C\u00d3MO BLOQUEAR REVOCAR O ELIMINAR LAS COOKIES INSTALADAS<\/h4>\n\n\n\n<p>Puede usted permitir, bloquear, revocar o eliminar las cookies instaladas en su equipo mediante la configuraci\u00f3n de las opciones de su navegador. Puede encontrar informaci\u00f3n sobre c\u00f3mo hacerlo, en relaci\u00f3n con los navegadores m\u00e1s comunes en los links que se incluyen a continuaci\u00f3n:<\/p>\n\n\n\n<p>Explorer: <a href=\"https:\/\/support.microsoft.com\/es-es\/kb\/278835\">https:\/\/support.microsoft.com\/es-es\/kb\/278835<\/a><br>Microsoft Edge: <a href=\"https:\/\/privacy.microsoft.com\/es-es\/windows-10-microsoft-edge-and-privacy\">https:\/\/privacy.microsoft.com\/es-es\/windows-10-microsoft-edge-and-privacy<\/a><br>Chrome: <a href=\"https:\/\/support.google.com\/chrome\/answer\/95647?co=GENIE.Platform%3DDesktop&amp;hl=esttp:\/\/support.google.com\/chrome\/bin\/answer.py?hl=es&amp;answer=95647\">https:\/\/support.google.com\/chrome\/answer\/95647?co=GENIE.Platform%3DDesktop&amp;hl=esttp:\/\/support.google.com\/chrome\/bin\/answer.py?hl=es&amp;answer=95647<\/a><br>Firefox:<a href=\" http:\/\/support.mozilla.org\/es\/kb\/Borrar%20cookies\"> http:\/\/support.mozilla.org\/es\/kb\/Borrar%20cookies<\/a><br>Safari: <a href=\"http:\/\/support.apple.com\/kb\/ph5042.\">http:\/\/support.apple.com\/kb\/ph5042.<\/a><br>Opera: <a href=\"https:\/\/help.opera.com\/en\/latest\/web-preferences\/#cookies\">https:\/\/help.opera.com\/en\/latest\/web-preferences\/#cookies<\/a><\/p>\n\n\n\n<p>Le informamos, no obstante, de la posibilidad de que la desactivaci\u00f3n de alguna cookie impida o dificulte la navegaci\u00f3n o la prestaci\u00f3n de los servicios ofrecidos en la p\u00e1gina web.<\/p>\n\n\n\n<p class=\"has-vivid-red-color has-text-color\">[NOTA .Mantener el siguiente apartado (5) si la p\u00e1gina web emplea cookies de terceros.]<\/p>\n\n\n\n<h3>5. DESTINATARIOS DE LA INFORMACI\u00d3N<\/h3>\n\n\n\n<p>Tendr\u00e1n acceso a la informaci\u00f3n obtenida a trav\u00e9s de las cookies del sitio web las empresas colaboradoras detalladas en el Panel de Configuraci\u00f3n, donde podr\u00e1s asimismo consultar las finalidades con las que la utilizan y sus respectivas pol\u00edticas de privacidad.<br>Asimismo, te informamos de que algunos de nuestros proveedores as\u00ed como empresas colaboradoras pueden realizar transferencias a terceros pa\u00edses. Puedes informarte de las transferencias a terceros pa\u00edses que, en su caso, realizan en sus correspondientes pol\u00edticas de privacidad, accesibles a trav\u00e9s de los enlaces facilitados en el Panel de Configuraci\u00f3n.<\/p>\n\n\n\n<h3>6. MODIFICACIONES\/ ACTUALIZACI\u00d3N<\/h3>\n\n\n\n<p>La presente pol\u00edtica de cookies puede verse modificada\/actualizada en funci\u00f3n de las exigencias legales establecidas o con la finalidad de adaptar dicha pol\u00edtica a las instrucciones dictadas por la Agencia Espa\u00f1ola de Protecci\u00f3n de Datos o cambios en nuestro sitio web.<br>Por esta raz\u00f3n, aconsejamos a los usuarios que visiten peri\u00f3dicamente nuestra pol\u00edtica de cookies.<br>Si tiene dudas acerca de esta pol\u00edtica de cookies, puede contactar con AMER GOURMET SL a trav\u00e9s del siguiente correo electr\u00f3nico: <a href=\"mailto:info@amergourmet.com\">info@amergourmet.com<\/a><\/p>\n\n\n\n<p><\/p>\n\n\n\n<p>\u00daltima versi\u00f3n: 18\/12\/2020<\/p>","protected":false},"excerpt":{"rendered":"<p>Pol\u00edtica de Cookies El objetivo de esta\u00a0pol\u00edtica es informar a los interesados acerca de las cookies que emplea esta p\u00e1gina web de conformidad con lo establecido en la Ley 34\/2002, de 11 de julio, de Servicios de la Sociedad de la Informaci\u00f3n y de Comercio Electr\u00f3nico, y el Reglamento (UE) 2016\/679 del Parlamento Europeo y [&hellip;]<\/p>","protected":false},"author":1,"featured_media":0,"parent":0,"menu_order":0,"comment_status":"closed","ping_status":"closed","template":"","meta":[],"_links":{"self":[{"href":"https:\/\/cuckoofruits.com\/en\/wp-json\/wp\/v2\/pages\/74"}],"collection":[{"href":"https:\/\/cuckoofruits.com\/en\/wp-json\/wp\/v2\/pages"}],"about":[{"href":"https:\/\/cuckoofruits.com\/en\/wp-json\/wp\/v2\/types\/page"}],"author":[{"embeddable":true,"href":"https:\/\/cuckoofruits.com\/en\/wp-json\/wp\/v2\/users\/1"}],"replies":[{"embeddable":true,"href":"https:\/\/cuckoofruits.com\/en\/wp-json\/wp\/v2\/comments?post=74"}],"version-history":[{"count":6,"href":"https:\/\/cuckoofruits.com\/en\/wp-json\/wp\/v2\/pages\/74\/revisions"}],"predecessor-version":[{"id":136,"href":"https:\/\/cuckoofruits.com\/en\/wp-json\/wp\/v2\/pages\/74\/revisions\/136"}],"wp:attachment":[{"href":"https:\/\/cuckoofruits.com\/en\/wp-json\/wp\/v2\/media?parent=74"}],"curies":[{"name":"wp","href":"https:\/\/api.w.org\/{rel}","templated":true}]}}